{"id":902,"date":"2024-12-09T14:20:54","date_gmt":"2024-12-09T13:20:54","guid":{"rendered":"https:\/\/www.sinago.hr\/portfolio\/"},"modified":"2025-01-24T19:11:31","modified_gmt":"2025-01-24T18:11:31","slug":"portfolio","status":"publish","type":"page","link":"https:\/\/www.sinago.hr\/hr\/portfolio\/","title":{"rendered":"OPREMANJE TRGOVINA"},"content":{"rendered":"\n<p class=\"has-text-align-center\"><a href=\"https:\/\/www.sinago.hr\/hr\/portfolio\/\">Maloprodajni prostori posebno pogoduju dinami\u010dnim dru\u0161tvenim promjenama i trendovima. \u017delite da va\u0161i kupci do\u017eive ono jedinstveno iskustvo kupnje koje \u0107e ih ispuniti elanom i entuzijazmom. SINAGO tim u\u010dinit \u0107e sve kako bi prostor odra\u017eavao visoku kvalitetu va\u0161ih proizvoda.<\/a><\/p>\n","protected":false},"excerpt":{"rendered":"<p>Maloprodajni prostori posebno pogoduju dinami\u010dnim dru\u0161tvenim promjenama i trendovima. \u017delite da va\u0161i kupci do\u017eive ono jedinstveno iskustvo kupnje koje \u0107e ih ispuniti elanom i entuzijazmom. SINAGO tim u\u010dinit \u0107e sve kako bi prostor odra\u017eavao visoku kvalitetu va\u0161ih proizvoda.<\/p>\n","protected":false},"author":1,"featured_media":0,"parent":0,"menu_order":0,"comment_status":"closed","ping_status":"closed","template":"","meta":{"_acf_changed":false,"_monsterinsights_skip_tracking":false,"_monsterinsights_sitenote_active":false,"_monsterinsights_sitenote_note":"","_monsterinsights_sitenote_category":0,"footnotes":""},"class_list":["post-902","page","type-page","status-publish","hentry"],"acf":[],"aioseo_notices":[],"_links":{"self":[{"href":"https:\/\/www.sinago.hr\/hr\/wp-json\/wp\/v2\/pages\/902","targetHints":{"allow":["GET"]}}],"collection":[{"href":"https:\/\/www.sinago.hr\/hr\/wp-json\/wp\/v2\/pages"}],"about":[{"href":"https:\/\/www.sinago.hr\/hr\/wp-json\/wp\/v2\/types\/page"}],"author":[{"embeddable":true,"href":"https:\/\/www.sinago.hr\/hr\/wp-json\/wp\/v2\/users\/1"}],"replies":[{"embeddable":true,"href":"https:\/\/www.sinago.hr\/hr\/wp-json\/wp\/v2\/comments?post=902"}],"version-history":[{"count":5,"href":"https:\/\/www.sinago.hr\/hr\/wp-json\/wp\/v2\/pages\/902\/revisions"}],"predecessor-version":[{"id":1013,"href":"https:\/\/www.sinago.hr\/hr\/wp-json\/wp\/v2\/pages\/902\/revisions\/1013"}],"wp:attachment":[{"href":"https:\/\/www.sinago.hr\/hr\/wp-json\/wp\/v2\/media?parent=902"}],"curies":[{"name":"wp","href":"https:\/\/api.w.org\/{rel}","templated":true}]}}